{"id":83,"date":"2025-05-15T16:27:41","date_gmt":"2025-05-15T16:27:41","guid":{"rendered":"https:\/\/psicocanarias.com\/?page_id=83"},"modified":"2025-05-15T21:01:57","modified_gmt":"2025-05-15T21:01:57","slug":"83-2","status":"publish","type":"page","link":"https:\/\/psicocanarias.com\/?page_id=83","title":{"rendered":"Entrada2"},"content":{"rendered":"<p>[et_pb_section fb_built=\u00bb1&#8243; custom_padding_last_edited=\u00bbon|desktop\u00bb admin_label=\u00bbHeader\u00bb _builder_version=\u00bb4.27.4&#8243; background_image=\u00bbhttps:\/\/psicocanarias.com\/wp-content\/uploads\/2025\/05\/banner1fullA.jpg\u00bb background_size=\u00bbcontain\u00bb min_height=\u00bb281px\u00bb custom_margin=\u00bb-50px|55px||55px|false|true\u00bb custom_margin_tablet=\u00bb\u00bb custom_margin_phone=\u00bb20px|20px||20px|false|true\u00bb custom_margin_last_edited=\u00bbon|desktop\u00bb custom_padding=\u00bb0px|0px|0px|||\u00bb custom_padding_tablet=\u00bb40px||||false|false\u00bb custom_padding_phone=\u00bb\u00bb border_radii_phone=\u00bbon|20px|20px|20px|20px\u00bb border_radii_last_edited=\u00bboff|desktop\u00bb global_colors_info=\u00bb{}\u00bb][\/et_pb_section][et_pb_section fb_built=\u00bb1&#8243; _builder_version=\u00bb4.27.4&#8243; _module_preset=\u00bbdefault\u00bb min_height=\u00bb436px\u00bb global_colors_info=\u00bb{}\u00bb][et_pb_row column_structure=\u00bb1_2,1_2&#8243; _builder_version=\u00bb4.27.4&#8243; _module_preset=\u00bbdefault\u00bb custom_margin=\u00bb-32px|auto||auto||\u00bb global_colors_info=\u00bb{}\u00bb][et_pb_column type=\u00bb1_2&#8243; _builder_version=\u00bb4.27.4&#8243; _module_preset=\u00bbdefault\u00bb global_colors_info=\u00bb{}\u00bb][et_pb_text _builder_version=\u00bb4.27.4&#8243; _module_preset=\u00bbdefault\u00bb custom_padding=\u00bb||0px|||\u00bb global_colors_info=\u00bb{}\u00bb]<\/p>\n<h1 style=\"text-align: center;\"><img loading=\"lazy\" decoding=\"async\" src=\"https:\/\/psicocanarias.com\/wp-content\/uploads\/2025\/05\/JCPSICbienv.jpg\" width=\"81\" height=\"81\" alt=\"\" class=\"wp-image-72 alignnone size-full\" \/><\/h1>\n<h1 style=\"text-align: center;\"><strong>Consulta de Psicolog\u00eda<\/strong><\/h1>\n<h2 style=\"text-align: center;\"><em><span style=\"color: #3a3a3a;\"><\/span><\/em><\/h2>\n<h2 style=\"text-align: center;\"><span style=\"color: #3a3a3a;\">Infancia, Adolescencia y Adultos<\/span><\/h2>\n<h2 style=\"text-align: center;\"><span style=\"color: #3a3a3a;\">Pareja, Familia y Sexualida<\/span><span style=\"color: #3a3a3a;\">d<\/span><\/h2>\n<p><span style=\"color: #3a3a3a;\"><\/span><\/p>\n<p style=\"text-align: center;\"><span style=\"color: #3a3a3a;\">cita previa (presencial y online) : <strong>+34 646748423 &#8211; <\/strong><a href=\"mailto:psicocanarias@gmail.com\" style=\"color: #3a3a3a;\"><strong>psicocanarias@gmail.com<\/strong><\/a><\/span><br \/><span style=\"color: #3a3a3a;\"><em>San Crist\u00f3bal de La Laguna. Islas Canarias. Espa\u00f1a<\/em><\/span><\/p>\n<p style=\"text-align: center;\"><span style=\"color: #3a3a3a;\"><a href=\"https:\/\/psicocanarias.com\/?page_id=138\" target=\"_blank\" rel=\"noopener\" title=\"Aviso Legal\"><strong>AVISO LEGAL<\/strong><\/a><strong> &#8211; <a href=\"https:\/\/psicocanarias.com\/?page_id=142\" target=\"_blank\" rel=\"noopener\" title=\"POL\u00cdTICA DE PRIVACIDAD\">POL\u00cdTICA DE PRIVACIDAD<\/a><\/strong> &#8211; <strong>ESTA WEB NO USA COOKIES<\/strong><\/span><\/p>\n<p>[\/et_pb_text][\/et_pb_column][et_pb_column type=\u00bb1_2&#8243; _builder_version=\u00bb4.27.4&#8243; _module_preset=\u00bbdefault\u00bb global_colors_info=\u00bb{}\u00bb][et_pb_text _builder_version=\u00bb4.27.4&#8243; _module_preset=\u00bbdefault\u00bb global_colors_info=\u00bb{}\u00bb]<\/p>\n<h3 style=\"text-align: left;\"><em><strong>Juan Carlos Jorge Gonz\u00e1lez<\/strong><\/em><\/h3>\n<h3 style=\"text-align: left;\">Psic\u00f3logo &#8211; Colegiado T02540<\/h3>\n<ul>\n<li style=\"text-align: left;\">Psic\u00f3logo General Sanitario<\/li>\n<li style=\"text-align: left;\">Especialista Universitario en Hipnosis Cl\u00ednica<\/li>\n<li style=\"text-align: left;\">Psic\u00f3logo Especialista en Psicoterapia &#8211; EUROPSY<\/li>\n<li style=\"text-align: left;\">Miembro de la Asociaci\u00f3n Canaria de Terapia Familiar &#8211; ACTF<\/li>\n<li style=\"text-align: left;\">Miembro de la Asociaci\u00f3n para el Avance de la Hipnosis Experimental y Aplicada &#8211; AAHEA<\/li>\n<li style=\"text-align: left;\">Miembro acreditado de la Asociaci\u00f3n Internacional de An\u00e1lisis Existencial y Logoterapia del Instituto Viktor Frankl, Viena. 2021-2023<\/li>\n<\/ul>\n<p>[\/et_pb_text][\/et_pb_column][\/et_pb_row][\/et_pb_section][et_pb_section fb_built=\u00bb1&#8243; admin_label=\u00bbAbout\u00bb _builder_version=\u00bb4.27.4&#8243; use_background_color_gradient=\u00bbon\u00bb background_color_gradient_direction=\u00bb160deg\u00bb background_color_gradient_stops=\u00bbrgba(255,255,255,0) 0%|#ffffff 100%\u00bb background_color_gradient_start=\u00bbrgba(255,255,255,0)\u00bb background_color_gradient_end=\u00bb#ffffff\u00bb background_enable_image=\u00bboff\u00bb parallax=\u00bbon\u00bb overflow-x=\u00bbvisible\u00bb overflow-y=\u00bbvisible\u00bb custom_margin=\u00bb-15px|40px|95px|40px|false|true\u00bb custom_margin_tablet=\u00bb\u00bb custom_margin_phone=\u00bb|20px||20px|false|true\u00bb custom_margin_last_edited=\u00bbon|desktop\u00bb custom_padding=\u00bb0px||0px||true|false\u00bb box_shadow_style=\u00bbpreset3&#8243; box_shadow_vertical=\u00bb100px\u00bb box_shadow_blur=\u00bb200px\u00bb box_shadow_spread=\u00bb-50px\u00bb box_shadow_color=\u00bbrgba(131,146,167,0.32)\u00bb global_colors_info=\u00bb{}\u00bb][et_pb_row custom_padding_last_edited=\u00bbon|desktop\u00bb _builder_version=\u00bb4.16&#8243; background_color=\u00bb#ffffff\u00bb z_index=\u00bb0&#8243; width_tablet=\u00bb90%\u00bb width_phone=\u00bb90%\u00bb width_last_edited=\u00bbon|desktop\u00bb max_width=\u00bb1200px\u00bb overflow-x=\u00bbvisible\u00bb overflow-y=\u00bbvisible\u00bb custom_margin=\u00bb-30px|auto||auto|false|false\u00bb custom_padding=\u00bb60px|60px|60px|105px|true|false\u00bb custom_padding_tablet=\u00bb|||60px|false|false\u00bb custom_padding_phone=\u00bb|20px||20px|false|true\u00bb box_shadow_style=\u00bbpreset3&#8243; box_shadow_vertical=\u00bb40px\u00bb box_shadow_blur=\u00bb110px\u00bb box_shadow_spread=\u00bb0px\u00bb box_shadow_color=\u00bbrgba(131,146,167,0.5)\u00bb global_colors_info=\u00bb{}\u00bb width__hover_enabled=\u00bboff\u00bb][et_pb_column type=\u00bb4_4&#8243; _builder_version=\u00bb4.16&#8243; background_color=\u00bbrgba(0,0,0,0.03)\u00bb custom_padding=\u00bb30px|30px|30px|30px|true|true\u00bb global_colors_info=\u00bb{}\u00bb][et_pb_accordion open_toggle_background_color=\u00bbrgba(0,0,0,0)\u00bb closed_toggle_background_color=\u00bbrgba(0,0,0,0)\u00bb _builder_version=\u00bb4.27.4&#8243; toggle_text_color=\u00bb#000000&#8243; toggle_font=\u00bbTaviraj|600|||||||\u00bb toggle_line_height=\u00bb1.4em\u00bb body_font_size=\u00bb15px\u00bb body_line_height=\u00bb1.8em\u00bb text_orientation=\u00bbcenter\u00bb link_option_url=\u00bb#\u00bb border_width_all=\u00bb0px\u00bb border_width_bottom=\u00bb1px\u00bb locked=\u00bboff\u00bb global_colors_info=\u00bb{}\u00bb][et_pb_accordion_item title=\u00bbInfancia y Adolescencia\u00bb open=\u00bbon\u00bb _builder_version=\u00bb4.27.4&#8243; custom_margin=\u00bb||0px||false|false\u00bb global_colors_info=\u00bb{}\u00bb]<\/p>\n<p style=\"text-align: center;\">Pautas educativas y problemas de comportamiento en general<\/p>\n<p style=\"text-align: center;\">Dificultades con la comida<\/p>\n<p style=\"text-align: center;\">Miedos (dormir, objetos, situaciones&#8230;)<\/p>\n<p style=\"text-align: center;\">Man\u00edas (comerse las u\u00f1as, arrancarse el pelo, etc&#8230;)<\/p>\n<p>[\/et_pb_accordion_item][et_pb_accordion_item title=\u00bbPareja, Familia y Sexualidad\u00bb _builder_version=\u00bb4.27.4&#8243; custom_margin=\u00bb||0px||false|false\u00bb global_colors_info=\u00bb{}\u00bb open=\u00bboff\u00bb]<\/p>\n<p style=\"text-align: center;\">Terapia de Pareja, dependencia emocional y separaci\u00f3n<\/p>\n<p style=\"text-align: center;\">Intervenci\u00f3n Familiar (conflictos matrimoniales y de pareja e hijos)<\/p>\n<p style=\"text-align: center;\">Escuela de Padres (prenatales, infancia y adolescencia)<\/p>\n<p style=\"text-align: center;\">Sexualidad (ajuste de pareja, di\u00e1logo y educaci\u00f3n sexual, inapetencia, rechazo, excitaci\u00f3n, dificultades de erecci\u00f3n o eyaculaci\u00f3n, problemas con el orgasmo&#8230;)<\/p>\n<p>[\/et_pb_accordion_item][et_pb_accordion_item title=\u00bbAdiciones y control de impulsos\u00bb _builder_version=\u00bb4.27.4&#8243; custom_margin=\u00bb||0px||false|false\u00bb global_colors_info=\u00bb{}\u00bb open=\u00bboff\u00bb]<\/p>\n<p style=\"text-align: center;\">Adicciones sociales (internet, sexo, tecnolog\u00edas, compras&#8230;)<\/p>\n<p style=\"text-align: center;\">Deshabituaci\u00f3n de tabaco (con y sin hipnosis)<\/p>\n<p style=\"text-align: center;\">Control de impulsos (tricotiloman\u00eda (arrancarse pelos), onicofagia (comerse u\u00f1as), conducta autolesiva&#8230;<\/p>\n<p>[\/et_pb_accordion_item][et_pb_accordion_item title=\u00bbAlimentaci\u00f3n y sistema digestivo\u00bb _builder_version=\u00bb4.27.4&#8243; custom_margin=\u00bb||0px||false|false\u00bb global_colors_info=\u00bb{}\u00bb open=\u00bboff\u00bb]<\/p>\n<p style=\"text-align: center;\">Control del Peso<\/p>\n<p style=\"text-align: center;\">S\u00edndrome de Colon Irritable (SII). Reducci\u00f3n de sintomatolog\u00eda y mejora de bienestar psicol\u00f3gico con hipnosis cl\u00ednica. (La investigaci\u00f3n respalda que la hipnosis cl\u00ednica es un enfoque de tratamiento exitoso para el SII cr\u00f3nico. Ayuda a las personas que no han logrado mejorar por otros m\u00e9todos. Es una intervenci\u00f3n c\u00f3moda, relajante, f\u00e1cil y en general agradable. Utiliza la propia mente como elemento de cambio y generalmente no tiene efectos secundarios negativos. Y, en algunos casos, puede mejorar otros s\u00edntomas como migra\u00f1as o dolores de cabeza por tensi\u00f3n).<\/p>\n<p>[\/et_pb_accordion_item][et_pb_accordion_item title=\u00bbAltas capacidades, inteligencia y desajuste emocional\u00bb _builder_version=\u00bb4.27.4&#8243; custom_margin=\u00bb||0px||false|false\u00bb global_colors_info=\u00bb{}\u00bb open=\u00bboff\u00bb]<\/p>\n<p style=\"text-align: center;\">Adultos con Altas Capacidades y problemas de adaptaci\u00f3n. \u00bfNo puedes parar de pensar?<\/p>\n<p style=\"text-align: center;\">\u00bfY si tus problemas tienen que ver con una inteligencia no identificada?<\/p>\n<p>[\/et_pb_accordion_item][et_pb_accordion_item title=\u00bbAnsiedad, fobias y estado de \u00e1nimo\u00bb _builder_version=\u00bb4.27.4&#8243; _module_preset=\u00bbdefault\u00bb global_colors_info=\u00bb{}\u00bb open=\u00bboff\u00bb]<\/p>\n<p style=\"text-align: center;\">T\u00e9cnicas para el manejo de la ansiedad y estr\u00e9s<\/p>\n<p style=\"text-align: center;\">Angustia \u2013 Crisis de Ansiedad<\/p>\n<p style=\"text-align: center;\">Estrategias para el control de miedos y Fobias, ( conducir, tragar y comer, animal, ambiental, situacional, sangre, etc.)<\/p>\n<p style=\"text-align: center;\">Timidez y dificultades sociales. Entrenamiento en habilidades sociales<\/p>\n<p style=\"text-align: center;\">Manejo de Obsesiones<\/p>\n<p style=\"text-align: center;\">Tristeza, depresi\u00f3n y bajo estado de \u00e1nimo<\/p>\n<p style=\"text-align: center;\">Manejo de la agresividad, rabia, ira o enfados<\/p>\n<p>[\/et_pb_accordion_item][et_pb_accordion_item title=\u00bbCrisis y duelos\u00bb _builder_version=\u00bb4.27.4&#8243; _module_preset=\u00bbdefault\u00bb global_colors_info=\u00bb{}\u00bb open=\u00bboff\u00bb]<\/p>\n<p style=\"text-align: center;\">Superaci\u00f3n de crisis (separaci\u00f3n, trabajo, paro, nido vac\u00edo, eventos vitales&#8230;)<\/p>\n<p style=\"text-align: center;\">Duelo<\/p>\n<p style=\"text-align: center;\">Problemas de adaptaci\u00f3n en general<\/p>\n<p>[\/et_pb_accordion_item][et_pb_accordion_item title=\u00bbDolor\u00bb _builder_version=\u00bb4.27.4&#8243; _module_preset=\u00bbdefault\u00bb global_colors_info=\u00bb{}\u00bb open=\u00bboff\u00bb]<\/p>\n<p style=\"text-align: center;\">Control del Dolor (Hipnosis y Cognitivo &#8211; Conductual)<\/p>\n<p>[\/et_pb_accordion_item][et_pb_accordion_item title=\u00bbEvaluaci\u00f3n y tests psicol\u00f3gicos\u00bb _builder_version=\u00bb4.27.4&#8243; _module_preset=\u00bbdefault\u00bb global_colors_info=\u00bb{}\u00bb open=\u00bboff\u00bb]<\/p>\n<p style=\"text-align: center;\">Inteligencia, personalidad, habilidades sociales, autoestima, estilos de socializaci\u00f3n, pareja&#8230;<\/p>\n<p>[\/et_pb_accordion_item][et_pb_accordion_item title=\u00bbHipnosis\u00bb _builder_version=\u00bb4.27.4&#8243; _module_preset=\u00bbdefault\u00bb global_colors_info=\u00bb{}\u00bb open=\u00bboff\u00bb]<\/p>\n<p style=\"text-align: center;\">Hipnosis como coadyuvante de intervenciones espec\u00edficas<\/p>\n<p style=\"text-align: center;\">(Ansiedad, Depresi\u00f3n Fobias, Obsesiones, Sexualidad, Duelo, Tabaquismo&#8230;)<\/p>\n<p>[\/et_pb_accordion_item][et_pb_accordion_item title=\u00bbSue\u00f1o\u00bb _builder_version=\u00bb4.27.4&#8243; _module_preset=\u00bbdefault\u00bb global_colors_info=\u00bb{}\u00bb open=\u00bboff\u00bb]<\/p>\n<p style=\"text-align: center;\">Intervenci\u00f3n psicol\u00f3gica para problemas de sue\u00f1o<\/p>\n<p>[\/et_pb_accordion_item][et_pb_accordion_item title=\u00bbCrecimiento personal, grupos y organizaciones\u00bb _builder_version=\u00bb4.27.4&#8243; _module_preset=\u00bbdefault\u00bb global_colors_info=\u00bb{}\u00bb open=\u00bboff\u00bb]<\/p>\n<p style=\"text-align: center;\">Resiliencia<\/p>\n<p style=\"text-align: center;\">Mejorar tus relaciones de pareja y sexualidad.<\/p>\n<p style=\"text-align: center;\">Entrenamiento en Habilidades Sociales<\/p>\n<p style=\"text-align: center;\">Inteligencia Emocional \u2013 Autoestima<\/p>\n<p style=\"text-align: center;\">Inteligencia Pr\u00e1ctica &#8211; Soluci\u00f3n de Problemas<\/p>\n<p style=\"text-align: center;\">Formaci\u00f3n \u2013 Charlas para empresas, colectivos, grupos&#8230;<\/p>\n<p style=\"text-align: center;\">Terapia de Grupo (Estr\u00e9s, parejas, sexualidad, tabaco, padres&#8230;)<\/p>\n<p>[\/et_pb_accordion_item][\/et_pb_accordion][\/et_pb_column][\/et_pb_row][\/et_pb_section][et_pb_section fb_built=\u00bb1&#8243; _builder_version=\u00bb4.27.4&#8243; _module_preset=\u00bbdefault\u00bb min_height=\u00bb199.4px\u00bb custom_margin=\u00bb-96px||-34px|||\u00bb custom_padding=\u00bb||79px|||\u00bb global_colors_info=\u00bb{}\u00bb][et_pb_row _builder_version=\u00bb4.27.4&#8243; _module_preset=\u00bbdefault\u00bb global_colors_info=\u00bb{}\u00bb custom_margin=\u00bb-36px|auto|-49px|auto||\u00bb custom_padding=\u00bb||0px|||\u00bb min_height=\u00bb25.4px\u00bb][et_pb_column type=\u00bb4_4&#8243; _builder_version=\u00bb4.27.4&#8243; _module_preset=\u00bbdefault\u00bb global_colors_info=\u00bb{}\u00bb][et_pb_text _builder_version=\u00bb4.27.4&#8243; _module_preset=\u00bbdefault\u00bb custom_padding=\u00bb||4px|||\u00bb global_colors_info=\u00bb{}\u00bb min_height=\u00bb127.4px\u00bb]<\/p>\n<p style=\"text-align: center;\">cita previa (presencial y online) : <strong>+34 646748423 &#8211; psicocanarias@gmail.com<\/strong><br \/>San Crist\u00f3bal de La Laguna. Islas Canarias. Espa\u00f1a<\/p>\n<p style=\"text-align: center;\"><a href=\"https:\/\/psicocanarias.com\/?page_id=138\" target=\"_blank\" rel=\"noopener\" title=\"Aviso Legal\"><strong>AVISO LEGAL<\/strong><\/a><strong> &#8211; <a href=\"https:\/\/psicocanarias.com\/?page_id=142\" target=\"_blank\" rel=\"noopener\" title=\"POL\u00cdTICA DE PRIVACIDAD\">POL\u00cdTICA DE PRIVACIDAD<\/a><\/strong> &#8211; <strong>ESTA WEB NO USA COOKIES<\/strong><\/p>\n<p>[\/et_pb_text][\/et_pb_column][\/et_pb_row][\/et_pb_section]<\/p>\n","protected":false},"excerpt":{"rendered":"<p>Consulta de Psicolog\u00eda Infancia, Adolescencia y Adultos Pareja, Familia y Sexualidad cita previa (presencial y online) : +34 646748423 &#8211; psicocanarias@gmail.comSan Crist\u00f3bal de La Laguna. Islas Canarias. Espa\u00f1a AVISO LEGAL &#8211; POL\u00cdTICA DE PRIVACIDAD &#8211; ESTA WEB NO USA COOKIESJuan Carlos Jorge Gonz\u00e1lez Psic\u00f3logo &#8211; Colegiado T02540 Psic\u00f3logo General Sanitario Especialista Universitario en Hipnosis Cl\u00ednica [&hellip;]<\/p>\n","protected":false},"author":1,"featured_media":0,"parent":0,"menu_order":0,"comment_status":"closed","ping_status":"closed","template":"","meta":{"_et_pb_use_builder":"on","_et_pb_old_content":"","_et_gb_content_width":"","footnotes":""},"class_list":["post-83","page","type-page","status-publish","hentry"],"_links":{"self":[{"href":"https:\/\/psicocanarias.com\/index.php?rest_route=\/wp\/v2\/pages\/83","targetHints":{"allow":["GET"]}}],"collection":[{"href":"https:\/\/psicocanarias.com\/index.php?rest_route=\/wp\/v2\/pages"}],"about":[{"href":"https:\/\/psicocanarias.com\/index.php?rest_route=\/wp\/v2\/types\/page"}],"author":[{"embeddable":true,"href":"https:\/\/psicocanarias.com\/index.php?rest_route=\/wp\/v2\/users\/1"}],"replies":[{"embeddable":true,"href":"https:\/\/psicocanarias.com\/index.php?rest_route=%2Fwp%2Fv2%2Fcomments&post=83"}],"version-history":[{"count":27,"href":"https:\/\/psicocanarias.com\/index.php?rest_route=\/wp\/v2\/pages\/83\/revisions"}],"predecessor-version":[{"id":156,"href":"https:\/\/psicocanarias.com\/index.php?rest_route=\/wp\/v2\/pages\/83\/revisions\/156"}],"wp:attachment":[{"href":"https:\/\/psicocanarias.com\/index.php?rest_route=%2Fwp%2Fv2%2Fmedia&parent=83"}],"curies":[{"name":"wp","href":"https:\/\/api.w.org\/{rel}","templated":true}]}}