{"id":70,"date":"2025-05-15T15:58:52","date_gmt":"2025-05-15T15:58:52","guid":{"rendered":"https:\/\/psicocanarias.com\/?page_id=70"},"modified":"2025-05-15T15:59:25","modified_gmt":"2025-05-15T15:59:25","slug":"70-2","status":"publish","type":"page","link":"https:\/\/psicocanarias.com\/?page_id=70","title":{"rendered":"En construcci\u00f3n"},"content":{"rendered":"<p>[et_pb_section fb_built=\u00bb1&#8243; theme_builder_area=\u00bbpost_content\u00bb _builder_version=\u00bb4.27.4&#8243; _module_preset=\u00bbdefault\u00bb][et_pb_row _builder_version=\u00bb4.27.4&#8243; _module_preset=\u00bbdefault\u00bb theme_builder_area=\u00bbpost_content\u00bb][et_pb_column _builder_version=\u00bb4.27.4&#8243; _module_preset=\u00bbdefault\u00bb type=\u00bb4_4&#8243; theme_builder_area=\u00bbpost_content\u00bb][et_pb_image src=\u00bbhttps:\/\/psicocanarias.com\/wp-content\/uploads\/2025\/05\/JCPSICbienv.jpg\u00bb _builder_version=\u00bb4.27.4&#8243; _module_preset=\u00bbdefault\u00bb theme_builder_area=\u00bbpost_content\u00bb title_text=\u00bbJCPSICbienv\u00bb hover_enabled=\u00bb0&#8243; sticky_enabled=\u00bb0&#8243;][\/et_pb_image][et_pb_text _builder_version=\u00bb4.27.4&#8243; _module_preset=\u00bbdefault\u00bb theme_builder_area=\u00bbpost_content\u00bb hover_enabled=\u00bb0&#8243; sticky_enabled=\u00bb0&#8243;]<\/p>\n<p>En Psico Canarias creemos en el poder transformador de la mente. Nuestro equipo de profesionales est\u00e1 dedicado a ofrecerte un espacio seguro y acogedor donde puedas explorar tus pensamientos y emociones.<\/p>\n<p>A trav\u00e9s de terapias personalizadas, te ayudamos a encontrar las herramientas necesarias para superar los desaf\u00edos de la vida.<\/p>\n<p>La salud mental es fundamental y estamos aqu\u00ed para acompa\u00f1arte en cada paso de tu camino hacia el bienestar. Descubre c\u00f3mo nuestras sesiones pueden marcar la diferencia en tu vida y empieza hoy mismo tu viaje hacia la sanaci\u00f3n.<\/p>\n<p>[\/et_pb_text][\/et_pb_column][\/et_pb_row][\/et_pb_section]<\/p>\n","protected":false},"excerpt":{"rendered":"<p>En Psico Canarias creemos en el poder transformador de la mente. Nuestro equipo de profesionales est\u00e1 dedicado a ofrecerte un espacio seguro y acogedor donde puedas explorar tus pensamientos y emociones. A trav\u00e9s de terapias personalizadas, te ayudamos a encontrar las herramientas necesarias para superar los desaf\u00edos de la vida. La salud mental es fundamental [&hellip;]<\/p>\n","protected":false},"author":1,"featured_media":0,"parent":0,"menu_order":0,"comment_status":"closed","ping_status":"closed","template":"","meta":{"_et_pb_use_builder":"on","_et_pb_old_content":"","_et_gb_content_width":"","footnotes":""},"class_list":["post-70","page","type-page","status-publish","hentry"],"_links":{"self":[{"href":"https:\/\/psicocanarias.com\/index.php?rest_route=\/wp\/v2\/pages\/70","targetHints":{"allow":["GET"]}}],"collection":[{"href":"https:\/\/psicocanarias.com\/index.php?rest_route=\/wp\/v2\/pages"}],"about":[{"href":"https:\/\/psicocanarias.com\/index.php?rest_route=\/wp\/v2\/types\/page"}],"author":[{"embeddable":true,"href":"https:\/\/psicocanarias.com\/index.php?rest_route=\/wp\/v2\/users\/1"}],"replies":[{"embeddable":true,"href":"https:\/\/psicocanarias.com\/index.php?rest_route=%2Fwp%2Fv2%2Fcomments&post=70"}],"version-history":[{"count":3,"href":"https:\/\/psicocanarias.com\/index.php?rest_route=\/wp\/v2\/pages\/70\/revisions"}],"predecessor-version":[{"id":75,"href":"https:\/\/psicocanarias.com\/index.php?rest_route=\/wp\/v2\/pages\/70\/revisions\/75"}],"wp:attachment":[{"href":"https:\/\/psicocanarias.com\/index.php?rest_route=%2Fwp%2Fv2%2Fmedia&parent=70"}],"curies":[{"name":"wp","href":"https:\/\/api.w.org\/{rel}","templated":true}]}}