{"id":158,"date":"2025-05-17T14:02:19","date_gmt":"2025-05-17T14:02:19","guid":{"rendered":"https:\/\/psicocanarias.com\/?page_id=158"},"modified":"2025-12-02T13:01:32","modified_gmt":"2025-12-02T13:01:32","slug":"83-2-2","status":"publish","type":"page","link":"https:\/\/psicocanarias.com\/","title":{"rendered":"Entrada2 #2"},"content":{"rendered":"<p>[et_pb_section fb_built=\u00bb1&#8243; _builder_version=\u00bb4.27.4&#8243; _module_preset=\u00bbdefault\u00bb background_color=\u00bb#fcda00&#8243; global_colors_info=\u00bb{}\u00bb][et_pb_row column_structure=\u00bb1_3,2_3&#8243; _builder_version=\u00bb4.27.4&#8243; _module_preset=\u00bbdefault\u00bb global_colors_info=\u00bb{}\u00bb][et_pb_column type=\u00bb1_3&#8243; _builder_version=\u00bb4.27.4&#8243; _module_preset=\u00bbdefault\u00bb global_colors_info=\u00bb{}\u00bb][et_pb_image src=\u00bbhttps:\/\/psicocanarias.com\/wp-content\/uploads\/2025\/05\/IMG_3801a.jpg\u00bb title_text=\u00bbIMG_3801a\u00bb _builder_version=\u00bb4.27.4&#8243; _module_preset=\u00bbdefault\u00bb global_colors_info=\u00bb{}\u00bb][\/et_pb_image][\/et_pb_column][et_pb_column type=\u00bb2_3&#8243; _builder_version=\u00bb4.27.4&#8243; _module_preset=\u00bbdefault\u00bb global_colors_info=\u00bb{}\u00bb][et_pb_text _builder_version=\u00bb4.27.4&#8243; _module_preset=\u00bbdefault\u00bb global_colors_info=\u00bb{}\u00bb]<\/p>\n<h4 style=\"text-align: justify;\"><span style=\"color: #003366;\"><em><\/em><\/span><\/h4>\n<p><span style=\"color: #003366;\"><\/span><\/p>\n<h4 style=\"text-align: justify;\"><span style=\"color: #003366;\"><em><\/em><\/span><\/h4>\n<h4 style=\"text-align: justify;\"><span style=\"color: #003366;\"><em><\/em><\/span><\/h4>\n<h4 style=\"text-align: justify;\"><span style=\"color: #003366;\"><em><\/em><\/span><\/h4>\n<h4 style=\"text-align: justify;\"><span style=\"color: #003366;\"><em>\u00abestamos obligados a vivir concienzuda y sinceramente reverenciando nuestra <\/em><\/span><\/h4>\n<h4 style=\"text-align: justify;\"><span style=\"color: #003366;\"><em>vida y negando la posibilidad de un cambio. Decimos que este es el \u00fanico <\/em><\/span><\/h4>\n<h4 style=\"text-align: justify;\"><span style=\"color: #003366;\"><em>camino; pero hay tantos caminos como radios pueden trazarse desde un <\/em><\/span><\/h4>\n<h4 style=\"text-align: justify;\"><span style=\"color: #003366;\"><em>centro. Cualquier cambio es un milagro digno <\/em><\/span><em style=\"color: #003366; font-size: 18px;\">de ser contemplado; <br \/><\/em><\/h4>\n<h4 style=\"text-align: justify;\"><em style=\"color: #003366; font-size: 18px;\">pero es tambi\u00e9n un milagro que ocurre a cada instante\u00bb.\u00a0<\/em><\/h4>\n<p><span style=\"color: #003366;\"><em><\/em><\/span><\/p>\n<h4 style=\"text-align: right;\"><span style=\"color: #003366;\"><\/span><\/h4>\n<h4 style=\"text-align: right;\"><span style=\"color: #003366;\">HENRY DAVID THOREAU (1854). Walden. La vida en los bosques.<\/span><\/h4>\n<p>[\/et_pb_text][\/et_pb_column][\/et_pb_row][\/et_pb_section][et_pb_section fb_built=\u00bb1&#8243; _builder_version=\u00bb4.27.4&#8243; _module_preset=\u00bbdefault\u00bb min_height=\u00bb441px\u00bb global_colors_info=\u00bb{}\u00bb][et_pb_row column_structure=\u00bb1_2,1_2&#8243; _builder_version=\u00bb4.27.4&#8243; _module_preset=\u00bbdefault\u00bb custom_margin=\u00bb-32px|auto||auto||\u00bb global_colors_info=\u00bb{}\u00bb][et_pb_column type=\u00bb1_2&#8243; _builder_version=\u00bb4.27.4&#8243; _module_preset=\u00bbdefault\u00bb global_colors_info=\u00bb{}\u00bb][et_pb_text _builder_version=\u00bb4.27.4&#8243; _module_preset=\u00bbdefault\u00bb custom_padding=\u00bb||0px|||\u00bb global_colors_info=\u00bb{}\u00bb]<\/p>\n<h1 style=\"text-align: center;\"><img loading=\"lazy\" decoding=\"async\" src=\"https:\/\/psicocanarias.com\/wp-content\/uploads\/2025\/05\/JCPSICbienv.jpg\" width=\"81\" height=\"81\" alt=\"\" class=\"wp-image-72 alignnone size-full\" \/><\/h1>\n<h1 style=\"text-align: center;\"><strong>Consulta de Psicolog\u00eda<\/strong><\/h1>\n<h2 style=\"text-align: center;\"><em><span style=\"color: #3a3a3a;\"><\/span><\/em><\/h2>\n<h2 style=\"text-align: center;\"><span style=\"color: #3a3a3a;\">Infancia, Adolescencia y Adultos<\/span><\/h2>\n<h2 style=\"text-align: center;\"><span style=\"color: #3a3a3a;\">Pareja, Familia y Sexualida<\/span><span style=\"color: #3a3a3a;\">d<\/span><\/h2>\n<p><span style=\"color: #3a3a3a;\"><\/span><\/p>\n<p style=\"text-align: center;\"><span style=\"color: #3a3a3a;\">cita previa: <strong>+34 646748423 &#8211; <\/strong><a href=\"mailto:psicocanarias@gmail.com\" style=\"color: #3a3a3a;\"><strong>psicocanarias@gmail.com<\/strong><\/a><\/span><br \/><span style=\"color: #3a3a3a;\"><em>San Crist\u00f3bal de La Laguna. Islas Canarias. Espa\u00f1a<\/em><\/span><\/p>\n<p style=\"text-align: center;\"><span style=\"color: #3a3a3a;\"><a href=\"https:\/\/psicocanarias.com\/?page_id=138\" target=\"_blank\" rel=\"noopener\" title=\"Aviso Legal\"><strong>AVISO LEGAL<\/strong><\/a><strong> &#8211; <a href=\"https:\/\/psicocanarias.com\/?page_id=142\" target=\"_blank\" rel=\"noopener\" title=\"POL\u00cdTICA DE PRIVACIDAD\">POL\u00cdTICA DE PRIVACIDAD<\/a><\/strong> &#8211; <strong>ESTA WEB NO USA COOKIES<\/strong><\/span><\/p>\n<p>[\/et_pb_text][\/et_pb_column][et_pb_column type=\u00bb1_2&#8243; _builder_version=\u00bb4.27.4&#8243; _module_preset=\u00bbdefault\u00bb global_colors_info=\u00bb{}\u00bb][et_pb_text _builder_version=\u00bb4.27.4&#8243; _module_preset=\u00bbdefault\u00bb custom_padding=\u00bb21px||0px|||\u00bb inline_fonts=\u00bbIceberg\u00bb global_colors_info=\u00bb{}\u00bb]<\/p>\n<h3 style=\"text-align: left;\"><em><strong><\/strong><\/em><\/h3>\n<h3 style=\"text-align: left;\"><em><strong><\/strong><\/em><\/h3>\n<h3 style=\"text-align: left;\"><em><strong><\/strong><\/em><\/h3>\n<h3 style=\"text-align: left;\"><em><strong><\/strong><\/em><\/h3>\n<h3 style=\"text-align: left;\"><em><strong><\/strong><\/em><\/h3>\n<h3 style=\"text-align: left;\"><span style=\"font-size: large;\"><em><strong>Juan Carlos Jorge Gonz\u00e1lez<\/strong><\/em><\/span><\/h3>\n<h3 style=\"text-align: left;\"><span style=\"font-size: large;\">Psic\u00f3logo &#8211; Colegiado T2540<\/span><\/h3>\n<ul>\n<li style=\"text-align: left;\"><span style=\"font-size: small;\">Licenciado en Psicolog\u00eda (M\u00e1ster -MECES3)<\/span><\/li>\n<li style=\"text-align: left;\"><span style=\"font-size: small;\">Especialista Universitario en Hipnosis Cl\u00ednica<\/span><\/li>\n<li style=\"text-align: left;\"><span style=\"font-size: small;\">Certificados Europeos de Especialista en Psicoterapia y Psicolog\u00eda- EUROPSY<\/span><\/li>\n<li style=\"text-align: left;\"><span style=\"font-size: small;\">Miembro de la Asociaci\u00f3n Canaria de Terapia Familiar &#8211; ACTF<\/span><\/li>\n<li style=\"text-align: left;\"><span style=\"font-size: small;\">Miembro de la Asociaci\u00f3n para el Avance de la Hipnosis Experimental y Aplicada &#8211; AAHEA<\/span><\/li>\n<li style=\"text-align: left;\"><span style=\"font-size: small;\">Con certificaci\u00f3n\/habilitaci\u00f3n sanitaria por el Servicio Canario de Salud<\/span><span style=\"font-family: Iceberg; font-weight: normal; color: #e09900;\"><em><strong><\/strong><\/em><\/span><\/li>\n<\/ul>\n<p style=\"text-align: right;\"><em><strong><a href=\"https:\/\/psicocanarias.com\/?page_id=175\">m\u00e1s sobre m\u00ed<\/a><\/strong><\/em><\/p>\n<p>[\/et_pb_text][\/et_pb_column][\/et_pb_row][\/et_pb_section][et_pb_section fb_built=\u00bb1&#8243; admin_label=\u00bbAbout\u00bb _builder_version=\u00bb4.27.4&#8243; use_background_color_gradient=\u00bbon\u00bb background_color_gradient_direction=\u00bb160deg\u00bb background_color_gradient_stops=\u00bbrgba(255,255,255,0) 0%|#ffffff 100%\u00bb background_color_gradient_start=\u00bbrgba(255,255,255,0)\u00bb background_color_gradient_end=\u00bb#ffffff\u00bb background_enable_image=\u00bboff\u00bb parallax=\u00bbon\u00bb overflow-x=\u00bbvisible\u00bb overflow-y=\u00bbvisible\u00bb custom_margin=\u00bb-15px|40px|95px|40px|false|true\u00bb custom_margin_tablet=\u00bb\u00bb custom_margin_phone=\u00bb|20px||20px|false|true\u00bb custom_margin_last_edited=\u00bbon|desktop\u00bb custom_padding=\u00bb0px||0px||true|false\u00bb box_shadow_style=\u00bbpreset3&#8243; box_shadow_vertical=\u00bb100px\u00bb box_shadow_blur=\u00bb200px\u00bb box_shadow_spread=\u00bb-50px\u00bb box_shadow_color=\u00bbrgba(131,146,167,0.32)\u00bb global_colors_info=\u00bb{}\u00bb][et_pb_row custom_padding_last_edited=\u00bbon|desktop\u00bb _builder_version=\u00bb4.16&#8243; background_color=\u00bb#ffffff\u00bb z_index=\u00bb0&#8243; width_tablet=\u00bb90%\u00bb width_phone=\u00bb90%\u00bb width_last_edited=\u00bbon|desktop\u00bb max_width=\u00bb1200px\u00bb overflow-x=\u00bbvisible\u00bb overflow-y=\u00bbvisible\u00bb custom_margin=\u00bb-30px|auto||auto|false|false\u00bb custom_padding=\u00bb60px|60px|60px|105px|true|false\u00bb custom_padding_tablet=\u00bb|||60px|false|false\u00bb custom_padding_phone=\u00bb|20px||20px|false|true\u00bb box_shadow_style=\u00bbpreset3&#8243; box_shadow_vertical=\u00bb40px\u00bb box_shadow_blur=\u00bb110px\u00bb box_shadow_spread=\u00bb0px\u00bb box_shadow_color=\u00bbrgba(131,146,167,0.5)\u00bb global_colors_info=\u00bb{}\u00bb width__hover_enabled=\u00bboff\u00bb][et_pb_column type=\u00bb4_4&#8243; _builder_version=\u00bb4.16&#8243; background_color=\u00bbrgba(0,0,0,0.03)\u00bb custom_padding=\u00bb30px|30px|30px|30px|true|true\u00bb global_colors_info=\u00bb{}\u00bb][et_pb_accordion open_toggle_background_color=\u00bbrgba(0,0,0,0)\u00bb closed_toggle_background_color=\u00bbrgba(0,0,0,0)\u00bb _builder_version=\u00bb4.27.4&#8243; toggle_text_color=\u00bb#000000&#8243; toggle_font=\u00bbTaviraj|600|||||||\u00bb toggle_line_height=\u00bb1.4em\u00bb body_font_size=\u00bb15px\u00bb body_line_height=\u00bb1.8em\u00bb text_orientation=\u00bbcenter\u00bb link_option_url=\u00bb#\u00bb border_width_all=\u00bb0px\u00bb border_width_bottom=\u00bb1px\u00bb locked=\u00bboff\u00bb global_colors_info=\u00bb{}\u00bb][et_pb_accordion_item title=\u00bbAlimentaci\u00f3n y sistema digestivo\u00bb _builder_version=\u00bb4.27.4&#8243; custom_margin=\u00bb||0px||false|false\u00bb global_colors_info=\u00bb{}\u00bb open=\u00bbon\u00bb]<\/p>\n<ul>\n<li style=\"text-align: left;\"><strong>Control del Peso<\/strong><\/li>\n<li style=\"text-align: left;\"><strong>S\u00edndrome de Colon Irritable (SII)<\/strong>. Reducci\u00f3n de sintomatolog\u00eda y mejora de bienestar psicol\u00f3gico con hipnosis cl\u00ednica. (La investigaci\u00f3n respalda que la hipnosis cl\u00ednica es un enfoque de tratamiento exitoso para el SII cr\u00f3nico. Ayuda a las personas que no han logrado mejorar por otros m\u00e9todos. Es una intervenci\u00f3n c\u00f3moda, relajante, f\u00e1cil y en general agradable. Utiliza la propia mente como elemento de cambio y generalmente no tiene efectos secundarios negativos. Y, en algunos casos, puede mejorar otros s\u00edntomas como migra\u00f1as o dolores de cabeza por tensi\u00f3n).<\/li>\n<\/ul>\n<p>[\/et_pb_accordion_item][et_pb_accordion_item title=\u00bbAdiciones y control de impulsos\u00bb _builder_version=\u00bb4.27.4&#8243; custom_margin=\u00bb||0px||false|false\u00bb global_colors_info=\u00bb{}\u00bb open=\u00bboff\u00bb]<\/p>\n<ul>\n<li style=\"text-align: left;\"><strong>Adicciones sociales<\/strong> (internet, sexo, tecnolog\u00edas, compras&#8230;)<\/li>\n<li style=\"text-align: left;\"><strong>Control de impulsos<\/strong> (tricotiloman\u00eda (arrancarse pelos), onicofagia (comerse u\u00f1as), conducta autolesiva&#8230;<\/li>\n<li style=\"text-align: left;\"><strong>Deshabituaci\u00f3n de tabaco<\/strong> (con y sin hipnosis)<\/li>\n<\/ul>\n<p>[\/et_pb_accordion_item][et_pb_accordion_item title=\u00bbAnsiedad, fobias, agresividad y estado de \u00e1nimo\u00bb _builder_version=\u00bb4.27.4&#8243; _module_preset=\u00bbdefault\u00bb global_colors_info=\u00bb{}\u00bb open=\u00bboff\u00bb]<\/p>\n<ul>\n<li style=\"text-align: left;\"><strong>Agresividad, rabia, ira o enfados<\/strong><\/li>\n<li style=\"text-align: left;\"><strong>Angustia y Crisis de Ansiedad<\/strong><\/li>\n<li style=\"text-align: left;\"><strong>Fobias. <\/strong>Conducir, tragar y comer, animal, ambiental, situacional, sangre, etc&#8230;<\/li>\n<li style=\"text-align: left;\"><strong>Pensamiento obsesivo y comportamiento compulsivo. <\/strong>TOC<\/li>\n<li style=\"text-align: left;\"><strong>T\u00e9cnicas de relajaci\u00f3n y manejo de la ansiedad<\/strong><\/li>\n<li style=\"text-align: left;\"><strong>Timidez y dificultades sociales<\/strong>. Entrenamiento en habilidades sociales<\/li>\n<li style=\"text-align: left;\"><strong>Tristeza, depresi\u00f3n y bajo estado de \u00e1nimo<\/strong><\/li>\n<\/ul>\n<p>[\/et_pb_accordion_item][et_pb_accordion_item title=\u00bbAltas capacidades, inteligencia y desajuste emocional\u00bb _builder_version=\u00bb4.27.4&#8243; custom_margin=\u00bb||0px||false|false\u00bb global_colors_info=\u00bb{}\u00bb open=\u00bboff\u00bb]<\/p>\n<ul>\n<li style=\"text-align: left;\"><strong>Altas capacidades intelectuales<\/strong>. Desajuste y problemas de adaptaci\u00f3n<\/li>\n<\/ul>\n<p style=\"text-align: center;\">\u00bfNo puedes parar de pensar? \u00bfY si tus problemas tienen que ver con tu capacidad intelectual?<\/p>\n<p style=\"text-align: center;\">\u00bfLa medimos?<\/p>\n<p>[\/et_pb_accordion_item][et_pb_accordion_item title=\u00bbCrecimiento personal, grupos y organizaciones\u00bb _builder_version=\u00bb4.27.4&#8243; _module_preset=\u00bbdefault\u00bb global_colors_info=\u00bb{}\u00bb open=\u00bboff\u00bb]<\/p>\n<ul>\n<li style=\"text-align: left;\"><strong>Charlas<\/strong> para empresas, colectivos, grupos&#8230;<\/li>\n<li style=\"text-align: left;\"><strong>Entrenamiento en Habilidades Sociales<\/strong><\/li>\n<li style=\"text-align: left;\"><strong>Inteligencia Emocional y Autoestima<\/strong><\/li>\n<li style=\"text-align: left;\"><strong>Inteligencia Pr\u00e1ctica y Soluci\u00f3n de Problemas<\/strong><\/li>\n<li style=\"text-align: left;\"><strong>Mejorar tus relaciones de pareja y sexualidad<\/strong><\/li>\n<li style=\"text-align: left;\"><strong>Resiliencia<\/strong><\/li>\n<li style=\"text-align: left;\"><strong>Terapia de Grupo<\/strong> (Estr\u00e9s, parejas, sexualidad, tabaco, padres&#8230;)<\/li>\n<\/ul>\n<p>[\/et_pb_accordion_item][et_pb_accordion_item title=\u00bbCrisis y duelos\u00bb _builder_version=\u00bb4.27.4&#8243; _module_preset=\u00bbdefault\u00bb global_colors_info=\u00bb{}\u00bb open=\u00bboff\u00bb]<\/p>\n<ul>\n<li style=\"text-align: left;\"><strong>Duelo<\/strong><\/li>\n<li style=\"text-align: left;\"><strong>Problemas de adaptaci\u00f3n en general<\/strong><\/li>\n<li style=\"text-align: left;\"><strong>Superaci\u00f3n de crisis<\/strong> (separaci\u00f3n, trabajo, paro, nido vac\u00edo, eventos vitales&#8230;)<strong><\/strong><\/li>\n<\/ul>\n<p>[\/et_pb_accordion_item][et_pb_accordion_item title=\u00bbDolor\u00bb _builder_version=\u00bb4.27.4&#8243; _module_preset=\u00bbdefault\u00bb global_colors_info=\u00bb{}\u00bb open=\u00bboff\u00bb]<\/p>\n<ul>\n<li style=\"text-align: left;\"><strong>Control del Dolor<\/strong> (Hipnosis y Cognitivo &#8211; Conductual)<\/li>\n<\/ul>\n<p>[\/et_pb_accordion_item][et_pb_accordion_item title=\u00bbEvaluaci\u00f3n y tests psicol\u00f3gicos\u00bb _builder_version=\u00bb4.27.4&#8243; _module_preset=\u00bbdefault\u00bb global_colors_info=\u00bb{}\u00bb open=\u00bboff\u00bb]<\/p>\n<ul>\n<li style=\"text-align: left;\">Inteligencia, personalidad, habilidades sociales, autoestima, estilos de socializaci\u00f3n, pareja&#8230;<\/li>\n<\/ul>\n<p>[\/et_pb_accordion_item][et_pb_accordion_item title=\u00bbHipnosis\u00bb open=\u00bboff\u00bb _builder_version=\u00bb4.27.4&#8243; _module_preset=\u00bbdefault\u00bb hover_enabled=\u00bb0&#8243; global_colors_info=\u00bb{}\u00bb sticky_enabled=\u00bb0&#8243;]<\/p>\n<ul>\n<li style=\"text-align: left;\"><strong>Dolor. <\/strong>Ya sea cr\u00f3nico o agudo y manejo de la ansiedad. Mejora del sue\u00f1o y calidad de vida.<\/li>\n<li style=\"text-align: left;\"><strong>Dolor de cabeza y migra\u00f1as<\/strong><\/li>\n<li style=\"text-align: left;\"><strong>Dolores de parto<\/strong><\/li>\n<li style=\"text-align: left;\"><strong>S\u00edndrome premenstrual<\/strong><\/li>\n<li style=\"text-align: left;\"><strong>Alivio de la ansiedad de los pacientes y estrategias de afrontamiento para:<\/strong>\n<ul>\n<li>Intervenciones quir\u00fargicas<\/li>\n<li>Tratamiento del cancer<\/li>\n<li>Intervenciones odontol\u00f3gicas<\/li>\n<\/ul>\n<\/li>\n<li style=\"text-align: left;\"><strong>Control del peso y obesidad<\/strong><\/li>\n<li style=\"text-align: left;\"><strong>Gastroenterolog\u00eda. <\/strong>S\u00edndrome de colon irritable<\/li>\n<li style=\"text-align: left;\"><strong>Hipnosis como coadyuvante de intervenciones espec\u00edficas<\/strong>. Ansiedad, Depresi\u00f3n Fobias, Obsesiones, Sexualidad, Duelo, Tabaquismo&#8230;<\/li>\n<li style=\"text-align: left;\"><strong>Problemas de sue\u00f1o<\/strong><\/li>\n<\/ul>\n<p><strong>ENTREVISTA SOBRE HIPNOSIS CL\u00cdNICA<\/strong><\/p>\n<p><strong>Programa \u00abEntre nosotras\u00bb, Televisi\u00f3n Auton\u00f3mica de Canarias. 29\/11\/2025<\/strong><\/p>\n<p><iframe loading=\"lazy\" title=\"Entre nosotras | 29\/11\/25\" width=\"1080\" height=\"608\" src=\"https:\/\/www.youtube.com\/embed\/IESytAAg8jA?start=7630&#038;feature=oembed\"  allow=\"accelerometer; autoplay; clipboard-write; encrypted-media; gyroscope; picture-in-picture; web-share\" referrerpolicy=\"strict-origin-when-cross-origin\" allowfullscreen><\/iframe><\/p>\n<p>[\/et_pb_accordion_item][et_pb_accordion_item title=\u00bbInfancia y Adolescencia\u00bb _builder_version=\u00bb4.27.4&#8243; custom_margin=\u00bb||0px||false|false\u00bb global_colors_info=\u00bb{}\u00bb open=\u00bboff\u00bb]<\/p>\n<ul>\n<li style=\"text-align: left;\"><strong>Dificultades con la comida<\/strong><\/li>\n<li style=\"text-align: left;\"><strong>Escuela de padres.<\/strong> Pautas educativas y problemas de comportamiento en general<\/li>\n<li style=\"text-align: left;\"><strong>Miedos. <\/strong>Dormir, objetos, situaciones&#8230;<\/li>\n<li style=\"text-align: left;\"><strong>Man\u00edas. <\/strong>Comerse las u\u00f1as, arrancarse el pelo, etc&#8230;<\/li>\n<\/ul>\n<p>[\/et_pb_accordion_item][et_pb_accordion_item title=\u00bbPareja y Sexualidad\u00bb _builder_version=\u00bb4.27.4&#8243; custom_margin=\u00bb||0px||false|false\u00bb global_colors_info=\u00bb{}\u00bb open=\u00bboff\u00bb]<\/p>\n<ul>\n<li style=\"text-align: left;\"><strong>Dependencia emocional<\/strong><\/li>\n<li style=\"text-align: left;\"><strong>Separaci\u00f3n<\/strong><\/li>\n<li style=\"text-align: left;\"><strong>Sexualidad.\u00a0<\/strong> Ajuste de pareja, di\u00e1logo y educaci\u00f3n sexual, inapetencia, rechazo, problemas de excitaci\u00f3n, dificultades de erecci\u00f3n, eyaculaci\u00f3n precoz, vaginismo, anorgasmia<\/li>\n<li style=\"text-align: left;\"><strong>Terapia de Pareja<\/strong><\/li>\n<\/ul>\n<p>[\/et_pb_accordion_item][et_pb_accordion_item title=\u00bbSue\u00f1o\u00bb _builder_version=\u00bb4.27.4&#8243; _module_preset=\u00bbdefault\u00bb global_colors_info=\u00bb{}\u00bb open=\u00bboff\u00bb]<\/p>\n<ul>\n<li style=\"text-align: left;\">Intervenci\u00f3n psicol\u00f3gica para problemas de sue\u00f1o. Hipnosis y cognitivo comportamental<\/li>\n<\/ul>\n<p>[\/et_pb_accordion_item][\/et_pb_accordion][\/et_pb_column][\/et_pb_row][\/et_pb_section][et_pb_section fb_built=\u00bb1&#8243; _builder_version=\u00bb4.27.4&#8243; _module_preset=\u00bbdefault\u00bb min_height=\u00bb199.4px\u00bb custom_margin=\u00bb-96px||-34px|||\u00bb custom_padding=\u00bb||79px|||\u00bb global_colors_info=\u00bb{}\u00bb][et_pb_row _builder_version=\u00bb4.27.4&#8243; _module_preset=\u00bbdefault\u00bb min_height=\u00bb25.4px\u00bb custom_margin=\u00bb-36px|auto|-49px|auto||\u00bb custom_padding=\u00bb||0px|||\u00bb global_colors_info=\u00bb{}\u00bb][et_pb_column type=\u00bb4_4&#8243; _builder_version=\u00bb4.27.4&#8243; _module_preset=\u00bbdefault\u00bb global_colors_info=\u00bb{}\u00bb][et_pb_text _builder_version=\u00bb4.27.4&#8243; _module_preset=\u00bbdefault\u00bb min_height=\u00bb127.4px\u00bb custom_padding=\u00bb||4px|||\u00bb global_colors_info=\u00bb{}\u00bb]<\/p>\n<p style=\"text-align: center;\">cita previa: <strong>+34 646748423 &#8211; psicocanarias@gmail.com<\/strong><br \/>San Crist\u00f3bal de La Laguna. Islas Canarias. Espa\u00f1a<\/p>\n<p style=\"text-align: center;\"><a href=\"https:\/\/psicocanarias.com\/?page_id=138\" target=\"_blank\" rel=\"noopener\" title=\"Aviso Legal\"><strong>AVISO LEGAL<\/strong><\/a><strong> &#8211; <a href=\"https:\/\/psicocanarias.com\/?page_id=142\" target=\"_blank\" rel=\"noopener\" title=\"POL\u00cdTICA DE PRIVACIDAD\">POL\u00cdTICA DE PRIVACIDAD<\/a><\/strong> &#8211; <strong>ESTA WEB NO USA COOKIES<\/strong><\/p>\n<p>[\/et_pb_text][\/et_pb_column][\/et_pb_row][\/et_pb_section]<\/p>\n","protected":false},"excerpt":{"rendered":"<p>\u00abestamos obligados a vivir concienzuda y sinceramente reverenciando nuestra vida y negando la posibilidad de un cambio. Decimos que este es el \u00fanico camino; pero hay tantos caminos como radios pueden trazarse desde un centro. Cualquier cambio es un milagro digno de ser contemplado; pero es tambi\u00e9n un milagro que ocurre a cada instante\u00bb.\u00a0 HENRY [&hellip;]<\/p>\n","protected":false},"author":1,"featured_media":0,"parent":0,"menu_order":0,"comment_status":"closed","ping_status":"closed","template":"","meta":{"_et_pb_use_builder":"on","_et_pb_old_content":"","_et_gb_content_width":"","footnotes":""},"class_list":["post-158","page","type-page","status-publish","hentry"],"_links":{"self":[{"href":"https:\/\/psicocanarias.com\/index.php?rest_route=\/wp\/v2\/pages\/158","targetHints":{"allow":["GET"]}}],"collection":[{"href":"https:\/\/psicocanarias.com\/index.php?rest_route=\/wp\/v2\/pages"}],"about":[{"href":"https:\/\/psicocanarias.com\/index.php?rest_route=\/wp\/v2\/types\/page"}],"author":[{"embeddable":true,"href":"https:\/\/psicocanarias.com\/index.php?rest_route=\/wp\/v2\/users\/1"}],"replies":[{"embeddable":true,"href":"https:\/\/psicocanarias.com\/index.php?rest_route=%2Fwp%2Fv2%2Fcomments&post=158"}],"version-history":[{"count":22,"href":"https:\/\/psicocanarias.com\/index.php?rest_route=\/wp\/v2\/pages\/158\/revisions"}],"predecessor-version":[{"id":242,"href":"https:\/\/psicocanarias.com\/index.php?rest_route=\/wp\/v2\/pages\/158\/revisions\/242"}],"wp:attachment":[{"href":"https:\/\/psicocanarias.com\/index.php?rest_route=%2Fwp%2Fv2%2Fmedia&parent=158"}],"curies":[{"name":"wp","href":"https:\/\/api.w.org\/{rel}","templated":true}]}}