{"id":138,"date":"2025-05-15T20:38:09","date_gmt":"2025-05-15T20:38:09","guid":{"rendered":"https:\/\/psicocanarias.com\/?page_id=138"},"modified":"2025-05-17T17:12:45","modified_gmt":"2025-05-17T17:12:45","slug":"avisolegal","status":"publish","type":"page","link":"https:\/\/psicocanarias.com\/?page_id=138","title":{"rendered":"AVISOLEGAL"},"content":{"rendered":"<p>[et_pb_section fb_built=\u00bb1&#8243; _builder_version=\u00bb4.27.4&#8243; _module_preset=\u00bbdefault\u00bb global_colors_info=\u00bb{}\u00bb][et_pb_row _builder_version=\u00bb4.27.4&#8243; _module_preset=\u00bbdefault\u00bb global_colors_info=\u00bb{}\u00bb][et_pb_column type=\u00bb4_4&#8243; _builder_version=\u00bb4.27.4&#8243; _module_preset=\u00bbdefault\u00bb global_colors_info=\u00bb{}\u00bb][et_pb_text _builder_version=\u00bb4.27.4&#8243; _module_preset=\u00bbdefault\u00bb global_colors_info=\u00bb{}\u00bb]<\/p>\n<pre>AVISO LEGAL<\/pre>\n<p>&nbsp;<\/p>\n<p>&nbsp;<\/p>\n<p>JUAN CARLOS JORGE GONZ\u00c1LEZ con domicilio en LA LAGUNA (TENERIFE)<\/p>\n<p>&nbsp;<\/p>\n<p>CIF 42871767C<\/p>\n<p>&nbsp;<\/p>\n<p>1. Los derechos de propiedad intelectual del sitio web psicocanarias.com, su c\u00f3digo fuente, dise\u00f1o, estructura de navegaci\u00f3n, bases de datos y los distintos elementos en \u00e9l contenidos son titularidad de JUAN CARLOS JORGE GONZ\u00c1LEZ a quien corresponde el ejercicio exclusivo de los derechos de explotaci\u00f3n de los mismos en cualquier forma y, en especial, los derechos de reproducci\u00f3n, distribuci\u00f3n, comunicaci\u00f3n p\u00fablica y transformaci\u00f3n.<\/p>\n<p>&nbsp;<\/p>\n<p>2. Estas condiciones generales regulan el acceso y utilizaci\u00f3n del sitio web psicocanarias.com que el mismo pone gratuitamente a disposici\u00f3n de los usuarios de Internet. El acceso al mismo implica su aceptaci\u00f3n sin reservas. La utilizaci\u00f3n de determinados servicios ofrecidos en este sitio se regir\u00e1 adem\u00e1s por las condiciones particulares previstas en cada caso, las cuales se entender\u00e1n aceptadas por el mero uso de tales servicios.<\/p>\n<p>&nbsp;<\/p>\n<p>3. Se autoriza la visualizaci\u00f3n, impresi\u00f3n y descarga parcial del contenido de la web s\u00f3lo y exclusivamente si concurren las siguientes condiciones:<\/p>\n<p>&nbsp;<\/p>\n<p>Que sea compatible con los fines de la web psicocanarias.com<br \/>Que se realice con el exclusivo \u00e1nimo de obtener la informaci\u00f3n contenida para uso personal y privado. Se proh\u00edbe expresamente su utilizaci\u00f3n con fines comerciales o para su distribuci\u00f3n, comunicaci\u00f3n publica, transformaci\u00f3n o descompilaci\u00f3n.<br \/>Que ninguno de los contenidos relacionados en esta web sean modificados de manera alguna.<br \/>Que ning\u00fan gr\u00e1fico, icono o imagen disponible en esta web sea utilizado, copiado o distribuido separadamente del texto o resto de im\u00e1genes que lo acompa\u00f1an.<\/p>\n<p>&nbsp;<\/p>\n<p>4. JUAN CARLOS JORGE GONZ\u00c1LEZ se reserva la facultad de efectuar, en cualquier momento y sin necesidad de previo aviso, modificaciones y actualizaciones de la informaci\u00f3n contenida en su web, de la configuraci\u00f3n y presentaci\u00f3n de \u00e9ste y de las condiciones de acceso.<\/p>\n<p>&nbsp;<\/p>\n<p>5. JUAN CARLOS JORGE GONZ\u00c1LEZ. no garantiza la inexistencia de interrupciones o errores en el acceso al web, en su contenido, ni que \u00e9ste se encuentre actualizado, aunque desarrollar\u00e1 sus mejores esfuerzos para, en su caso, evitarlos, subsanarlos o actualizarlos.<\/p>\n<p>&nbsp;<\/p>\n<p>6. Tanto el acceso a este web como el uso que pueda hacerse de la informaci\u00f3n contenida en el mismo es de la exclusiva responsabilidad de quien lo realiza. JUAN CARLOS JORGE GONZ\u00c1LEZ no responder\u00e1 de ninguna consecuencia, da\u00f1o o perjuicio que pudieran derivarse de dicho acceso o uso de la informaci\u00f3n. JUAN CARLOS JORGE GONZ\u00c1LEZ no se hace responsable de los posibles errores de seguridad que se puedan producir ni de los posibles da\u00f1os que puedan causarse al sistema inform\u00e1tico del usuario (hardware y software), los ficheros o documentos almacenados en el mismo, como consecuencia de la presencia de virus en el ordenador del usuario utilizado para la conexi\u00f3n a los servicios y contenidos de la web, de un mal funcionamiento del navegador o del uso de versiones no actualizadas del mismo.<\/p>\n<p>&nbsp;<\/p>\n<p>7. JUAN CARLOS JORGE GONZ\u00c1LEZ no asume responsabilidad alguna derivada de la concesi\u00f3n o contenidos de los enlaces de terceros a los que se hace referencia en la web, ni garantiza la ausencia de virus u otros elementos en los mismos que puedan producir alteraciones en el sistema inform\u00e1tico (hardware y software), los documentos o los ficheros del usuario, excluyendo cualquier responsabilidad por los da\u00f1os de cualquier clase causados al usuario por este motivo.<\/p>\n<p>&nbsp;<\/p>\n<p>8. La utilizaci\u00f3n no autorizada de la informaci\u00f3n contenida en esta web, su reventa, as\u00ed como la lesi\u00f3n de los derechos de Propiedad Intelectual de JUAN CARLOS JORGE GONZ\u00c1LEZ, dar\u00e1 lugar a las responsabilidades legalmente establecidas.<\/p>\n<p>&nbsp;<\/p>\n<p>10. Todo enlace de terceros a esta web debe serlo a su p\u00e1gina principal o de entrada.<\/p>\n<p>&nbsp;<\/p>\n<p>11. JUAN CARLOS JORGE GONZ\u00c1LEZ y el usuario, con renuncia expresa a cualquier otro fuero, se someten al de los juzgados y tribunales del domicilio del usuario para cualquier controversia que pudiera derivarse del acceso a esta web. En el caso de que el usuario tenga su domicilio fuera de Espa\u00f1a, JUAN CARLOS JORGE GONZ\u00c1LEZ y el usuario se someten, con renuncia expresa a cualquier otro fuero, a los juzgados y tribunales de Tenerife (Espa\u00f1a).<\/p>\n<p>[\/et_pb_text][\/et_pb_column][\/et_pb_row][\/et_pb_section]<\/p>\n","protected":false},"excerpt":{"rendered":"<p>AVISO LEGAL &nbsp; &nbsp; JUAN CARLOS JORGE GONZ\u00c1LEZ con domicilio en LA LAGUNA (TENERIFE) &nbsp; CIF 42871767C &nbsp; 1. Los derechos de propiedad intelectual del sitio web psicocanarias.com, su c\u00f3digo fuente, dise\u00f1o, estructura de navegaci\u00f3n, bases de datos y los distintos elementos en \u00e9l contenidos son titularidad de JUAN CARLOS JORGE GONZ\u00c1LEZ a quien corresponde [&hellip;]<\/p>\n","protected":false},"author":2,"featured_media":0,"parent":0,"menu_order":0,"comment_status":"closed","ping_status":"closed","template":"","meta":{"_et_pb_use_builder":"on","_et_pb_old_content":"","_et_gb_content_width":"","footnotes":""},"class_list":["post-138","page","type-page","status-publish","hentry"],"_links":{"self":[{"href":"https:\/\/psicocanarias.com\/index.php?rest_route=\/wp\/v2\/pages\/138","targetHints":{"allow":["GET"]}}],"collection":[{"href":"https:\/\/psicocanarias.com\/index.php?rest_route=\/wp\/v2\/pages"}],"about":[{"href":"https:\/\/psicocanarias.com\/index.php?rest_route=\/wp\/v2\/types\/page"}],"author":[{"embeddable":true,"href":"https:\/\/psicocanarias.com\/index.php?rest_route=\/wp\/v2\/users\/2"}],"replies":[{"embeddable":true,"href":"https:\/\/psicocanarias.com\/index.php?rest_route=%2Fwp%2Fv2%2Fcomments&post=138"}],"version-history":[{"count":4,"href":"https:\/\/psicocanarias.com\/index.php?rest_route=\/wp\/v2\/pages\/138\/revisions"}],"predecessor-version":[{"id":218,"href":"https:\/\/psicocanarias.com\/index.php?rest_route=\/wp\/v2\/pages\/138\/revisions\/218"}],"wp:attachment":[{"href":"https:\/\/psicocanarias.com\/index.php?rest_route=%2Fwp%2Fv2%2Fmedia&parent=138"}],"curies":[{"name":"wp","href":"https:\/\/api.w.org\/{rel}","templated":true}]}}